{"id":9,"date":"2022-01-26T21:24:52","date_gmt":"2022-01-26T21:24:52","guid":{"rendered":"https:\/\/kita-holunderweg2.bretzenheim.info\/?page_id=9"},"modified":"2025-01-08T22:46:55","modified_gmt":"2025-01-08T22:46:55","slug":"2-seite","status":"publish","type":"page","link":"https:\/\/kita-holunderweg.bretzenheim.info\/?page_id=9","title":{"rendered":"Betreuungsangebot"},"content":{"rendered":"<p>Die <strong>KiTa Holunderweg<\/strong> ist eine <strong>st\u00e4dtische Einrichtung<\/strong> mit insgesamt 62 KiTa-Pl\u00e4tzen f\u00fcr Kinder. Davon sind 44 Pl\u00e4tze ganztags Pl\u00e4tze und 18 halbtags Pl\u00e4tze. Es k\u00f6nnen Kinder von 2-6 Jahren in die KiTa gehen. Die Kinder sind in <strong>3 Gruppen<\/strong> aufgeteilt, <strong>Fledermaus, Drachen und Gespenster<\/strong>. Unsere J\u00fcngsten sind bei den Flederm\u00e4usen.<\/p>\n<h2>Die Eingew\u00f6hnung<\/h2>\n<p>Die Eingew\u00f6hnung findet in der Regel im Alter von 2 Jahren statt und lehnt sich an das <strong>Berliner Modell<\/strong> an. Der Start eines Kindes im Kindergarten ist besonderer Moment f\u00fcr das Kind und die ganze Familie. F\u00fcr viele Kinder ist es die erste l\u00e4ngere Trennung von den Eltern. Daher ist es uns wichtig, dass die Kinder Zeit haben bei uns anzukommen. Die Kinder werden mit einer Bezugsperson und einem Erzieher*in im Rahmen von ca. 4 Wochen (f\u00fcr 2-j\u00e4hrige) beziehungsweise 2 Wochen ( ab 3 Jahren) mit der Einrichtung, dem Tagesablauf und den anderen Kindern vertraut gemacht. Gegebenenfalls kann sich diese Zeit verk\u00fcrzen oder verl\u00e4ngern, abh\u00e4ngig vom Kind. Auch dies wird mit den Erziehungsberechtigten im engen Austausch besprochen. Dies bietet jedem Kind einen Rahmen, um sich langsam an das neue Umfeld zu gew\u00f6hnen, sich sicher und wohl zu f\u00fchlen.\u00a0<\/p>\n<p>In der Eingew\u00f6hnungszeit wird sehr individuell auf jedes Kind eingegangen und jeder Tag mit der jeweiligen Bezugsperson geplant und abgesprochen.<\/p>\n<p><strong>Zus\u00e4tzliche Informationen zum Herunterladen:<\/strong><\/p>\n<p><a href=\"https:\/\/kita.rlp.de\/de\/startseite\/\" target=\"_blank\" rel=\"noopener\">Abteilung Fr\u00fchkindliche Bildung RLP<\/a><\/p>\n<p><a href=\"https:\/\/kita.rlp.de\/kita-in-rheinland-pfalz\">Kita in RLP<\/a><\/p>\n<p><a href=\"https:\/\/kita.rlp.de\/fileadmin\/kita\/KiTa_in_RLP\/KiTaG\/Dokumente\/230918_KITA-Gesetz.pdf\">Kita Gesetz<\/a><\/p>\n\n\n<p><\/p>\n","protected":false},"excerpt":{"rendered":"<p>Die KiTa Holunderweg ist eine st\u00e4dtische Einrichtung mit insgesamt 62 KiTa-Pl\u00e4tzen f\u00fcr Kinder. Davon sind 44 Pl\u00e4tze ganztags Pl\u00e4tze und 18 halbtags Pl\u00e4tze. Es k\u00f6nnen Kinder von 2-6 Jahren in die KiTa gehen. Die Kinder sind in 3 Gruppen aufgeteilt, Fledermaus, Drachen und Gespenster. Unsere J\u00fcngsten sind bei den Flederm\u00e4usen. Die Eingew\u00f6hnung Die Eingew\u00f6hnung findet in der Regel im Alter von 2 Jahren statt und lehnt sich an das Berliner Modell an. Der Start eines Kindes im Kindergarten ist besonderer Moment f\u00fcr das Kind und die ganze Familie. F\u00fcr viele Kinder ist es die erste l\u00e4ngere Trennung von den Eltern&#8230;. <\/p>\n","protected":false},"author":2,"featured_media":0,"parent":0,"menu_order":0,"comment_status":"closed","ping_status":"closed","template":"template-parts\/page-template-full-width.php","meta":{"footnotes":""},"class_list":["post-9","page","type-page","status-publish","hentry"],"_links":{"self":[{"href":"https:\/\/kita-holunderweg.bretzenheim.info\/index.php?rest_route=\/wp\/v2\/pages\/9","targetHints":{"allow":["GET"]}}],"collection":[{"href":"https:\/\/kita-holunderweg.bretzenheim.info\/index.php?rest_route=\/wp\/v2\/pages"}],"about":[{"href":"https:\/\/kita-holunderweg.bretzenheim.info\/index.php?rest_route=\/wp\/v2\/types\/page"}],"author":[{"embeddable":true,"href":"https:\/\/kita-holunderweg.bretzenheim.info\/index.php?rest_route=\/wp\/v2\/users\/2"}],"replies":[{"embeddable":true,"href":"https:\/\/kita-holunderweg.bretzenheim.info\/index.php?rest_route=%2Fwp%2Fv2%2Fcomments&post=9"}],"version-history":[{"count":22,"href":"https:\/\/kita-holunderweg.bretzenheim.info\/index.php?rest_route=\/wp\/v2\/pages\/9\/revisions"}],"predecessor-version":[{"id":1188,"href":"https:\/\/kita-holunderweg.bretzenheim.info\/index.php?rest_route=\/wp\/v2\/pages\/9\/revisions\/1188"}],"wp:attachment":[{"href":"https:\/\/kita-holunderweg.bretzenheim.info\/index.php?rest_route=%2Fwp%2Fv2%2Fmedia&parent=9"}],"curies":[{"name":"wp","href":"https:\/\/api.w.org\/{rel}","templated":true}]}}