{"id":79,"date":"2022-01-26T22:16:57","date_gmt":"2022-01-26T22:16:57","guid":{"rendered":"https:\/\/kita-holunderweg2.bretzenheim.info\/?page_id=79"},"modified":"2025-12-01T22:51:00","modified_gmt":"2025-12-01T22:51:00","slug":"kalender","status":"publish","type":"page","link":"https:\/\/kita-holunderweg.bretzenheim.info\/?page_id=79","title":{"rendered":"Kalender"},"content":{"rendered":"\n<p>Hier finden Sie alle wichtigen Termine f\u00fcr das gesamte KiTa-Jahr 2025 und 2026. Die Schlie\u00dfungszeiten und Events.<\/p>\n\n\n\n<p><strong>Alle Termine unter Vorbehalt, au\u00dfer an den Teamtagen, Sommerschlie\u00dfung und Betriebsausflug.<\/strong><\/p>\n\n\n\n<h2 class=\"wp-block-heading\">Das KiTa-Jahr 2025\/2026<\/h2>\n\n\n\n<p class=\"has-text-align-left\"><strong>&nbsp;<\/strong><\/p>\n\n\n\n<div class=\"wp-block-columns is-layout-flex wp-container-core-columns-is-layout-9d6595d7 wp-block-columns-is-layout-flex\">\n<div class=\"wp-block-column is-layout-flow wp-block-column-is-layout-flow\" style=\"flex-basis:100%\">\n<div class=\"wp-block-group\"><div class=\"wp-block-group__inner-container is-layout-constrained wp-block-group-is-layout-constrained\">\n<figure class=\"wp-block-table\"><table><tbody><tr><td>Dezember<\/td><td>05.12.2025 Nikolausfeier mit den Kindern<br><strong>10.12.2025 Kita schlie\u00dft um 12.15 Uhr<\/strong><br>19.12.2025 Weihnachtsfeier mit den Kindern<br><strong>24.12.-01.01.2026 Einrichtung geschlossen<\/strong><\/td><\/tr><tr><td>Januar   <\/td><td><strong>02.01.2026 Kita geschlossen<\/strong><\/td><\/tr><tr><td>Februar<\/td><td>13.02.2026 Fastnachtsfeier mit den Kindern in der Kita<br>15.02.2026 Teilnahme am Bretzenheimer Fastnachtsumzug<br><strong>16.02.+17.02.2026 Rosenmontag und Fastnachtsdienstag Einrichtung geschlossen<\/strong><\/td><\/tr><tr><td>M\u00e4rz<\/td><td>&#8211;<\/td><\/tr><tr><td>April<\/td><td>02.04.2026 Osterfeier mit den Kindern in der Kita<br>06.04.2026<strong> Ostermontag Einrichtung geschlossen<\/strong><br>23.04.2026 Fr\u00fchjahrsputz mit Eltern und Kindern ab 14.30 Uhr<\/td><\/tr><tr><td>Mai<\/td><td>07.05.2026<strong> <\/strong>Ausflug mit den Kindern in die Fasanerie<br><strong>15.05.2026 Einrichtung geschlossen <\/strong>(Regenerationstag)<\/td><\/tr><tr><td>Juni<\/td><td><strong>05.06.2026 Einrichtung geschlossen<\/strong> (Regenerationstag)<br>10.06.2026 Sommerfest 16-19 Uhr<br>18.06.2026 Schuki-Kinder: Ausflug zum Opelzoo<br><strong>29.06.-17.07.2026 Sommerschlie\u00dfung<\/strong><\/td><\/tr><tr><td>Juli<\/td><td>&#8211;<\/td><\/tr><tr><td>August<\/td><td><strong>05.08-07.08.2026 <\/strong>Einrichtung geschlossen (Belehrungstag und Teamtage)<\/td><\/tr><tr><td>September      <\/td><td>04.09.2026 <strong>Einrichtung geschlossen<\/strong> (Betriebsausflug)<br>24.09.2026 Herbstfest mit anschlie\u00dfender Elternausschusswahl (bitte alle Kinder bis 16.30 Uhr abholen! TZ Kinder d\u00fcrfen bleiben)<\/td><\/tr><tr><td>Oktober<\/td><td>&#8211;<\/td><\/tr><tr><td>November<\/td><td>09.11.2026 St. Martinsfeier mit Kindern ab 16.30 Uhr in Gruppe, ab 17 Uhr mit Eltern auf dem Au\u00dfengel\u00e4nde<\/td><\/tr><tr><td>Dezember<\/td><td>07.12.2026 Nikolausfeier mit den Kindern<br><strong>??.12.2026 Kita schlie\u00dft um 12.15 Uhr<\/strong> (Personalversammlung)<br>18.12.2026 Weihnachtsfeier mit den Kindern<br><strong>24.12.-01.01.2027 Einrichtung geschlossen<\/strong><\/td><\/tr><\/tbody><\/table><\/figure>\n<\/div><\/div>\n\n\n\n<p><\/p>\n<\/div>\n<\/div>\n","protected":false},"excerpt":{"rendered":"<p>Hier finden Sie alle wichtigen Termine f\u00fcr das gesamte KiTa-Jahr 2025 und 2026. Die Schlie\u00dfungszeiten und Events. Alle Termine unter Vorbehalt, au\u00dfer an den Teamtagen, Sommerschlie\u00dfung und Betriebsausflug. Das KiTa-Jahr 2025\/2026 &nbsp; Dezember 05.12.2025 Nikolausfeier mit den Kindern10.12.2025 Kita schlie\u00dft um 12.15 Uhr19.12.2025 Weihnachtsfeier mit den Kindern24.12.-01.01.2026 Einrichtung geschlossen Januar 02.01.2026 Kita geschlossen Februar 13.02.2026 Fastnachtsfeier mit den Kindern in der Kita15.02.2026 Teilnahme am Bretzenheimer Fastnachtsumzug16.02.+17.02.2026 Rosenmontag und Fastnachtsdienstag Einrichtung geschlossen M\u00e4rz &#8211; April 02.04.2026 Osterfeier mit den Kindern in der Kita06.04.2026 Ostermontag Einrichtung geschlossen23.04.2026 Fr\u00fchjahrsputz mit Eltern und Kindern ab 14.30 Uhr Mai 07.05.2026 Ausflug mit den Kindern in&#8230; <\/p>\n","protected":false},"author":2,"featured_media":0,"parent":0,"menu_order":0,"comment_status":"closed","ping_status":"closed","template":"template-parts\/page-template-full-width.php","meta":{"footnotes":""},"class_list":["post-79","page","type-page","status-publish","hentry"],"_links":{"self":[{"href":"https:\/\/kita-holunderweg.bretzenheim.info\/index.php?rest_route=\/wp\/v2\/pages\/79","targetHints":{"allow":["GET"]}}],"collection":[{"href":"https:\/\/kita-holunderweg.bretzenheim.info\/index.php?rest_route=\/wp\/v2\/pages"}],"about":[{"href":"https:\/\/kita-holunderweg.bretzenheim.info\/index.php?rest_route=\/wp\/v2\/types\/page"}],"author":[{"embeddable":true,"href":"https:\/\/kita-holunderweg.bretzenheim.info\/index.php?rest_route=\/wp\/v2\/users\/2"}],"replies":[{"embeddable":true,"href":"https:\/\/kita-holunderweg.bretzenheim.info\/index.php?rest_route=%2Fwp%2Fv2%2Fcomments&post=79"}],"version-history":[{"count":45,"href":"https:\/\/kita-holunderweg.bretzenheim.info\/index.php?rest_route=\/wp\/v2\/pages\/79\/revisions"}],"predecessor-version":[{"id":1244,"href":"https:\/\/kita-holunderweg.bretzenheim.info\/index.php?rest_route=\/wp\/v2\/pages\/79\/revisions\/1244"}],"wp:attachment":[{"href":"https:\/\/kita-holunderweg.bretzenheim.info\/index.php?rest_route=%2Fwp%2Fv2%2Fmedia&parent=79"}],"curies":[{"name":"wp","href":"https:\/\/api.w.org\/{rel}","templated":true}]}}