{"id":686,"date":"2022-03-01T12:45:47","date_gmt":"2022-03-01T12:45:47","guid":{"rendered":"https:\/\/kita-holunderweg2.bretzenheim.info\/?page_id=686"},"modified":"2022-03-01T13:03:23","modified_gmt":"2022-03-01T13:03:23","slug":"datenschutz","status":"publish","type":"page","link":"https:\/\/kita-holunderweg.bretzenheim.info\/?page_id=686","title":{"rendered":"Datenschutz"},"content":{"rendered":"<h2>Allgemeine Datenschutzerkl\u00e4rung<\/h2>\n<p>Durch die Nutzung unserer Website erkl\u00e4ren Sie sich mit der Erhebung,<br \/>\nVerarbeitung und Nutzung von Daten gem\u00e4\u00df der nachfolgenden Beschreibung einverstanden.<br \/>\nUnsere Website kann grunds\u00e4tzlich ohne Registrierung besucht werden.<br \/>\nDabei werden Daten wie beispielsweise aufgerufene Seiten bzw. Namen der abgerufenen Datei,<br \/>\nDatum und Uhrzeit zu statistischen Zwecken auf dem Server gespeichert,<br \/>\nohne dass diese Daten unmittelbar auf Ihre Person bezogen werden.<br \/>\nPersonenbezogene Daten, insbesondere Name, Adresse oder E-Mail-Adresse werden soweit m\u00f6glich auf freiwilliger Basis erhoben.<br \/>\nOhne Ihre Einwilligung erfolgt keine Weitergabe der Daten an Dritte.<\/p>\n","protected":false},"excerpt":{"rendered":"<p>Allgemeine Datenschutzerkl\u00e4rung Durch die Nutzung unserer Website erkl\u00e4ren Sie sich mit der Erhebung, Verarbeitung und Nutzung von Daten gem\u00e4\u00df der nachfolgenden Beschreibung einverstanden. Unsere Website kann grunds\u00e4tzlich ohne Registrierung besucht werden. Dabei werden Daten wie beispielsweise aufgerufene Seiten bzw. Namen der abgerufenen Datei, Datum und Uhrzeit zu statistischen Zwecken auf dem Server gespeichert, ohne dass diese Daten unmittelbar auf Ihre Person bezogen werden. Personenbezogene Daten, insbesondere Name, Adresse oder E-Mail-Adresse werden soweit m\u00f6glich auf freiwilliger Basis erhoben. Ohne Ihre Einwilligung erfolgt keine Weitergabe der Daten an Dritte.<\/p>\n","protected":false},"author":2,"featured_media":0,"parent":0,"menu_order":0,"comment_status":"closed","ping_status":"closed","template":"template-parts\/page-template-full-width.php","meta":{"footnotes":""},"class_list":["post-686","page","type-page","status-publish","hentry"],"_links":{"self":[{"href":"https:\/\/kita-holunderweg.bretzenheim.info\/index.php?rest_route=\/wp\/v2\/pages\/686","targetHints":{"allow":["GET"]}}],"collection":[{"href":"https:\/\/kita-holunderweg.bretzenheim.info\/index.php?rest_route=\/wp\/v2\/pages"}],"about":[{"href":"https:\/\/kita-holunderweg.bretzenheim.info\/index.php?rest_route=\/wp\/v2\/types\/page"}],"author":[{"embeddable":true,"href":"https:\/\/kita-holunderweg.bretzenheim.info\/index.php?rest_route=\/wp\/v2\/users\/2"}],"replies":[{"embeddable":true,"href":"https:\/\/kita-holunderweg.bretzenheim.info\/index.php?rest_route=%2Fwp%2Fv2%2Fcomments&post=686"}],"version-history":[{"count":2,"href":"https:\/\/kita-holunderweg.bretzenheim.info\/index.php?rest_route=\/wp\/v2\/pages\/686\/revisions"}],"predecessor-version":[{"id":696,"href":"https:\/\/kita-holunderweg.bretzenheim.info\/index.php?rest_route=\/wp\/v2\/pages\/686\/revisions\/696"}],"wp:attachment":[{"href":"https:\/\/kita-holunderweg.bretzenheim.info\/index.php?rest_route=%2Fwp%2Fv2%2Fmedia&parent=686"}],"curies":[{"name":"wp","href":"https:\/\/api.w.org\/{rel}","templated":true}]}}