{"id":290,"date":"2022-01-31T21:17:33","date_gmt":"2022-01-31T21:17:33","guid":{"rendered":"https:\/\/kita-holunderweg2.bretzenheim.info\/?page_id=290"},"modified":"2024-10-16T21:30:40","modified_gmt":"2024-10-16T21:30:40","slug":"startseite-xy","status":"publish","type":"page","link":"https:\/\/kita-holunderweg.bretzenheim.info\/?page_id=290","title":{"rendered":"Kleine Helden werden gro\u00df"},"content":{"rendered":"\n<div class=\"wp-block-media-text alignwide is-stacked-on-mobile\" style=\"grid-template-columns:25% auto\"><figure class=\"wp-block-media-text__media\"><img loading=\"lazy\" decoding=\"async\" width=\"280\" height=\"272\" src=\"https:\/\/kita-holunderweg.bretzenheim.info\/wp-content\/uploads\/2022\/03\/Logo-gross.gif\" alt=\"Logo Kita Holunderweg - Gespenst, Drache, Stern\" class=\"wp-image-746 size-full\"\/><\/figure><div class=\"wp-block-media-text__content\">\n<p class=\"has-text-align-center\">Herzlich Willkommen in der st\u00e4dtischen Kindertagesst\u00e4tte Holunderweg in Mainz-Bretzenheim.<\/p>\n\n\n\n<p class=\"has-text-align-center\">Wo kleine Helden ganz gro\u00df werden. Hier sind alle Kinder willkommen und erhalten ihrem Alter und ihrer Entwicklung entsprechende F\u00f6rderangebote. Besonders wichtig ist uns die Kinder stark zu machen, sie zu ermutigen ihren&nbsp; eigenen Willen und ihre Meinung zu entdecken und \u00e4u\u00dfern zu lernen.<\/p>\n\n\n\n<p class=\"has-text-align-center\">Wir wollen mit den Kindern das Leben entdecken.<\/p>\n\n\n\n<p class=\"has-text-align-center\">Die Kinder verbringen viel Zeit hier und so soll es ein Raum f\u00fcr sie sein, wo sie sich geborgen f\u00fchlen, Anreize zur Entwicklung bekommen und Zeit zum Wachsen.<\/p>\n\n\n\n<p class=\"has-text-align-center\">F\u00fcr weitere Informationen st\u00f6bern Sie gerne auf der Homepage weiter.<\/p>\n\n\n\n<p class=\"has-text-align-center\"><a href=\"https:\/\/www.mainz.de\/vv\/medien\/Kindertagesstaetten-Antrag-auf-Aufnahme-in-staedtische-Kita.pdf\">Anmeldeformular der Stadt Mainz<\/a><\/p>\n<\/div><\/div>\n","protected":false},"excerpt":{"rendered":"<p>Herzlich Willkommen in der st\u00e4dtischen Kindertagesst\u00e4tte Holunderweg in Mainz-Bretzenheim. Wo kleine Helden ganz gro\u00df werden. Hier sind alle Kinder willkommen und erhalten ihrem Alter und ihrer Entwicklung entsprechende F\u00f6rderangebote. Besonders wichtig ist uns die Kinder stark zu machen, sie zu ermutigen ihren&nbsp; eigenen Willen und ihre Meinung zu entdecken und \u00e4u\u00dfern zu lernen. Wir wollen mit den Kindern das Leben entdecken. Die Kinder verbringen viel Zeit hier und so soll es ein Raum f\u00fcr sie sein, wo sie sich geborgen f\u00fchlen, Anreize zur Entwicklung bekommen und Zeit zum Wachsen. F\u00fcr weitere Informationen st\u00f6bern Sie gerne auf der Homepage weiter. Anmeldeformular&#8230; <\/p>\n","protected":false},"author":2,"featured_media":0,"parent":0,"menu_order":0,"comment_status":"closed","ping_status":"closed","template":"template-parts\/page-template-full-width.php","meta":{"footnotes":""},"class_list":["post-290","page","type-page","status-publish","hentry"],"_links":{"self":[{"href":"https:\/\/kita-holunderweg.bretzenheim.info\/index.php?rest_route=\/wp\/v2\/pages\/290","targetHints":{"allow":["GET"]}}],"collection":[{"href":"https:\/\/kita-holunderweg.bretzenheim.info\/index.php?rest_route=\/wp\/v2\/pages"}],"about":[{"href":"https:\/\/kita-holunderweg.bretzenheim.info\/index.php?rest_route=\/wp\/v2\/types\/page"}],"author":[{"embeddable":true,"href":"https:\/\/kita-holunderweg.bretzenheim.info\/index.php?rest_route=\/wp\/v2\/users\/2"}],"replies":[{"embeddable":true,"href":"https:\/\/kita-holunderweg.bretzenheim.info\/index.php?rest_route=%2Fwp%2Fv2%2Fcomments&post=290"}],"version-history":[{"count":9,"href":"https:\/\/kita-holunderweg.bretzenheim.info\/index.php?rest_route=\/wp\/v2\/pages\/290\/revisions"}],"predecessor-version":[{"id":1171,"href":"https:\/\/kita-holunderweg.bretzenheim.info\/index.php?rest_route=\/wp\/v2\/pages\/290\/revisions\/1171"}],"wp:attachment":[{"href":"https:\/\/kita-holunderweg.bretzenheim.info\/index.php?rest_route=%2Fwp%2Fv2%2Fmedia&parent=290"}],"curies":[{"name":"wp","href":"https:\/\/api.w.org\/{rel}","templated":true}]}}