{"id":209,"date":"2022-01-31T11:01:12","date_gmt":"2022-01-31T11:01:12","guid":{"rendered":"https:\/\/kita-holunderweg2.bretzenheim.info\/?page_id=209"},"modified":"2022-03-13T00:09:23","modified_gmt":"2022-03-13T00:09:23","slug":"raeumlichkeiten","status":"publish","type":"page","link":"https:\/\/kita-holunderweg.bretzenheim.info\/?page_id=209","title":{"rendered":"R\u00e4umlichkeiten"},"content":{"rendered":"\n<div class=\"wp-block-media-text alignwide is-stacked-on-mobile\" style=\"grid-template-columns:30% auto\"><figure class=\"wp-block-media-text__media\"><img loading=\"lazy\" decoding=\"async\" width=\"1024\" height=\"768\" src=\"https:\/\/kita-holunderweg.bretzenheim.info\/wp-content\/uploads\/2022\/02\/Kindergarderobe-1024x768.jpg\" alt=\"Kindergarderobe\" class=\"wp-image-614 size-full\" srcset=\"https:\/\/kita-holunderweg.bretzenheim.info\/wp-content\/uploads\/2022\/02\/Kindergarderobe-1024x768.jpg 1024w, https:\/\/kita-holunderweg.bretzenheim.info\/wp-content\/uploads\/2022\/02\/Kindergarderobe-300x225.jpg 300w, https:\/\/kita-holunderweg.bretzenheim.info\/wp-content\/uploads\/2022\/02\/Kindergarderobe-768x576.jpg 768w, https:\/\/kita-holunderweg.bretzenheim.info\/wp-content\/uploads\/2022\/02\/Kindergarderobe-1536x1152.jpg 1536w, https:\/\/kita-holunderweg.bretzenheim.info\/wp-content\/uploads\/2022\/02\/Kindergarderobe.jpg 2016w\" sizes=\"auto, (max-width: 1024px) 100vw, 1024px\" \/><\/figure><div class=\"wp-block-media-text__content\">\n<h2 class=\"wp-block-heading\">Eingang und Flurbereich<\/h2>\n\n\n\n<p>Die Kinder willkommen gehei\u00dfen. Hier befinden sich die Garderoben, wo sich die Kinder zu erst mit Hilfe und sp\u00e4ter eigenst\u00e4ndig umziehen k\u00f6nnen.<\/p>\n<\/div><\/div>\n\n\n\n<div style=\"height:20px\" aria-hidden=\"true\" class=\"wp-block-spacer\"><\/div>\n\n\n\n<div class=\"wp-block-media-text alignwide has-media-on-the-right is-stacked-on-mobile\" style=\"grid-template-columns:auto 30%\"><figure class=\"wp-block-media-text__media\"><img loading=\"lazy\" decoding=\"async\" width=\"1024\" height=\"768\" src=\"https:\/\/kita-holunderweg.bretzenheim.info\/wp-content\/uploads\/2022\/02\/Gruppenraum-Drachen-2-1-1024x768.jpg\" alt=\"Gruppenraum Drachen\" class=\"wp-image-540 size-full\" srcset=\"https:\/\/kita-holunderweg.bretzenheim.info\/wp-content\/uploads\/2022\/02\/Gruppenraum-Drachen-2-1-1024x768.jpg 1024w, https:\/\/kita-holunderweg.bretzenheim.info\/wp-content\/uploads\/2022\/02\/Gruppenraum-Drachen-2-1-300x225.jpg 300w, https:\/\/kita-holunderweg.bretzenheim.info\/wp-content\/uploads\/2022\/02\/Gruppenraum-Drachen-2-1-768x576.jpg 768w, https:\/\/kita-holunderweg.bretzenheim.info\/wp-content\/uploads\/2022\/02\/Gruppenraum-Drachen-2-1-1536x1152.jpg 1536w, https:\/\/kita-holunderweg.bretzenheim.info\/wp-content\/uploads\/2022\/02\/Gruppenraum-Drachen-2-1.jpg 2016w\" sizes=\"auto, (max-width: 1024px) 100vw, 1024px\" \/><\/figure><div class=\"wp-block-media-text__content\">\n<h2 class=\"wp-block-heading\">Gruppenr\u00e4ume<\/h2>\n\n\n\n<p>Die 3 Gruppenr\u00e4ume sind unterschiedlich eingerichtet. In jedem Raum befindet sich eine Bau-\/Spieleecke, eine Kuschelecke zum Ausruhen und zahlreiche Spielsachen und Angebote, um die Kreativit\u00e4t und die Weiterentwicklung der Kinder anzuregen. Die Sternchen haben einen zus\u00e4tzlichen Schlafraum f\u00fcr die ganz Kleinen, das Traumschl\u00f6sschen.<\/p>\n<\/div><\/div>\n\n\n\n<div style=\"height:20px\" aria-hidden=\"true\" class=\"wp-block-spacer\"><\/div>\n\n\n\n<div class=\"wp-block-media-text alignwide is-stacked-on-mobile\" style=\"grid-template-columns:30% auto\"><figure class=\"wp-block-media-text__media\"><img loading=\"lazy\" decoding=\"async\" width=\"1024\" height=\"683\" src=\"https:\/\/kita-holunderweg.bretzenheim.info\/wp-content\/uploads\/2022\/02\/malraum5-1024x683.jpg\" alt=\"Stiftehalter mit vielen bunten Buntstiften\" class=\"wp-image-485 size-full\" srcset=\"https:\/\/kita-holunderweg.bretzenheim.info\/wp-content\/uploads\/2022\/02\/malraum5-1024x683.jpg 1024w, https:\/\/kita-holunderweg.bretzenheim.info\/wp-content\/uploads\/2022\/02\/malraum5-300x200.jpg 300w, https:\/\/kita-holunderweg.bretzenheim.info\/wp-content\/uploads\/2022\/02\/malraum5-768x512.jpg 768w, https:\/\/kita-holunderweg.bretzenheim.info\/wp-content\/uploads\/2022\/02\/malraum5-1536x1024.jpg 1536w, https:\/\/kita-holunderweg.bretzenheim.info\/wp-content\/uploads\/2022\/02\/malraum5.jpg 1920w\" sizes=\"auto, (max-width: 1024px) 100vw, 1024px\" \/><\/figure><div class=\"wp-block-media-text__content\">\n<h2 class=\"wp-block-heading\">Malraum<\/h2>\n\n\n\n<p>Hier k\u00f6nnen die Kinder basteln, malen und ihrer Kreativit\u00e4t freien Raum lassen. ES gibt verschiedenste Materialien, die zur Verf\u00fcgung stehen: Buntstifte, Filzstifte, Wasserfarben, verschieden Papiersorten,\u2026<\/p>\n<\/div><\/div>\n\n\n\n<div style=\"height:20px\" aria-hidden=\"true\" class=\"wp-block-spacer\"><\/div>\n\n\n\n<div class=\"wp-block-media-text alignwide has-media-on-the-right is-stacked-on-mobile\" style=\"grid-template-columns:auto 30%\"><figure class=\"wp-block-media-text__media\"><img loading=\"lazy\" decoding=\"async\" width=\"1024\" height=\"768\" src=\"https:\/\/kita-holunderweg.bretzenheim.info\/wp-content\/uploads\/2022\/02\/turnhallekita-1024x768.jpg\" alt=\"Matten, Rutsche, Ringe, verschiedene Turnger\u00e4te ausgelegt und aufgestellt in Halle\" class=\"wp-image-636 size-full\" srcset=\"https:\/\/kita-holunderweg.bretzenheim.info\/wp-content\/uploads\/2022\/02\/turnhallekita-1024x768.jpg 1024w, https:\/\/kita-holunderweg.bretzenheim.info\/wp-content\/uploads\/2022\/02\/turnhallekita-300x225.jpg 300w, https:\/\/kita-holunderweg.bretzenheim.info\/wp-content\/uploads\/2022\/02\/turnhallekita-768x576.jpg 768w, https:\/\/kita-holunderweg.bretzenheim.info\/wp-content\/uploads\/2022\/02\/turnhallekita-1536x1152.jpg 1536w, https:\/\/kita-holunderweg.bretzenheim.info\/wp-content\/uploads\/2022\/02\/turnhallekita.jpg 2016w\" sizes=\"auto, (max-width: 1024px) 100vw, 1024px\" \/><\/figure><div class=\"wp-block-media-text__content\">\n<h2 class=\"wp-block-heading\">Turnhalle<\/h2>\n\n\n\n<p>Bewegung ist so wichtig. Zum einen k\u00f6nnen die Kinder sich hier durch gezielte Angebote ihre motorischen F\u00e4higkeiten, K\u00f6rpergef\u00fchl und Spa\u00df an Bewegung entdecken und weiterentwickeln, zum anderen ihre Energie abbauen. Die Kinder k\u00f6nne Gruppenweise mehrfach die Woche die Turnhalle nutzen. Sie d\u00fcrfen mitentscheiden, welche Turn- und Spielangebote aufgebaut werden sollen.<\/p>\n<\/div><\/div>\n\n\n\n<div style=\"height:20px\" aria-hidden=\"true\" class=\"wp-block-spacer\"><\/div>\n\n\n\n<div class=\"wp-block-media-text alignwide is-stacked-on-mobile\" style=\"grid-template-columns:30% auto\"><figure class=\"wp-block-media-text__media\"><img loading=\"lazy\" decoding=\"async\" width=\"1024\" height=\"680\" src=\"https:\/\/kita-holunderweg.bretzenheim.info\/wp-content\/uploads\/2022\/02\/forscherecke-1024x680.jpg\" alt=\"Junge mit gro\u00dfer Lupe in der Hand\" class=\"wp-image-493 size-full\" srcset=\"https:\/\/kita-holunderweg.bretzenheim.info\/wp-content\/uploads\/2022\/02\/forscherecke-1024x680.jpg 1024w, https:\/\/kita-holunderweg.bretzenheim.info\/wp-content\/uploads\/2022\/02\/forscherecke-300x199.jpg 300w, https:\/\/kita-holunderweg.bretzenheim.info\/wp-content\/uploads\/2022\/02\/forscherecke-768x510.jpg 768w, https:\/\/kita-holunderweg.bretzenheim.info\/wp-content\/uploads\/2022\/02\/forscherecke-1536x1020.jpg 1536w, https:\/\/kita-holunderweg.bretzenheim.info\/wp-content\/uploads\/2022\/02\/forscherecke.jpg 1920w\" sizes=\"auto, (max-width: 1024px) 100vw, 1024px\" \/><\/figure><div class=\"wp-block-media-text__content\">\n<h2 class=\"wp-block-heading\">Forscherecke<\/h2>\n\n\n\n<p>F\u00fcr die T\u00fcftler und Forscher haben wir eine Ecke eingerichtet, wo sie ihrer Neugier und ihrem Entdeckergeist durch verschiedene Angebote wie Magneten, etc. nachgehen k\u00f6nnen.<\/p>\n<\/div><\/div>\n\n\n\n<div style=\"height:20px\" aria-hidden=\"true\" class=\"wp-block-spacer\"><\/div>\n\n\n\n<div class=\"wp-block-media-text alignwide has-media-on-the-right is-stacked-on-mobile\" style=\"grid-template-columns:auto 30%\"><figure class=\"wp-block-media-text__media\"><img loading=\"lazy\" decoding=\"async\" width=\"1024\" height=\"683\" src=\"https:\/\/kita-holunderweg.bretzenheim.info\/wp-content\/uploads\/2022\/02\/hoerbuchecke-1024x683.jpg\" alt=\"Zwei Toniboxen mit der kleinen Maus drauf\" class=\"wp-image-494 size-full\" srcset=\"https:\/\/kita-holunderweg.bretzenheim.info\/wp-content\/uploads\/2022\/02\/hoerbuchecke-1024x683.jpg 1024w, https:\/\/kita-holunderweg.bretzenheim.info\/wp-content\/uploads\/2022\/02\/hoerbuchecke-300x200.jpg 300w, https:\/\/kita-holunderweg.bretzenheim.info\/wp-content\/uploads\/2022\/02\/hoerbuchecke-768x512.jpg 768w, https:\/\/kita-holunderweg.bretzenheim.info\/wp-content\/uploads\/2022\/02\/hoerbuchecke-1536x1024.jpg 1536w, https:\/\/kita-holunderweg.bretzenheim.info\/wp-content\/uploads\/2022\/02\/hoerbuchecke.jpg 1920w\" sizes=\"auto, (max-width: 1024px) 100vw, 1024px\" \/><\/figure><div class=\"wp-block-media-text__content\">\n<h2 class=\"wp-block-heading\">H\u00f6rbuchecke<\/h2>\n\n\n\n<p>Brauchen die Kinder mal eine Auszeit oder ist ihnen nach Musik oder einem H\u00f6rbuch, k\u00f6nnen sie es sich in der H\u00f6rbuchecke gem\u00fctlich machen. Hier gibt es f\u00fcr die Kinder eine Vielfalt an Musik-CD\u00b4s und H\u00f6rspielen zur Auswahl.<\/p>\n<\/div><\/div>\n\n\n\n<div style=\"height:20px\" aria-hidden=\"true\" class=\"wp-block-spacer\"><\/div>\n\n\n\n<div class=\"wp-block-media-text alignwide is-stacked-on-mobile\" style=\"grid-template-columns:30% auto\"><figure class=\"wp-block-media-text__media\"><img loading=\"lazy\" decoding=\"async\" width=\"1024\" height=\"768\" src=\"https:\/\/kita-holunderweg.bretzenheim.info\/wp-content\/uploads\/2022\/02\/Kita-Waschbecken-1024x768.jpg\" alt=\"Waschbecken\" class=\"wp-image-496 size-full\" srcset=\"https:\/\/kita-holunderweg.bretzenheim.info\/wp-content\/uploads\/2022\/02\/Kita-Waschbecken-1024x768.jpg 1024w, https:\/\/kita-holunderweg.bretzenheim.info\/wp-content\/uploads\/2022\/02\/Kita-Waschbecken-300x225.jpg 300w, https:\/\/kita-holunderweg.bretzenheim.info\/wp-content\/uploads\/2022\/02\/Kita-Waschbecken-768x576.jpg 768w, https:\/\/kita-holunderweg.bretzenheim.info\/wp-content\/uploads\/2022\/02\/Kita-Waschbecken-1536x1152.jpg 1536w, https:\/\/kita-holunderweg.bretzenheim.info\/wp-content\/uploads\/2022\/02\/Kita-Waschbecken-2048x1536.jpg 2048w\" sizes=\"auto, (max-width: 1024px) 100vw, 1024px\" \/><\/figure><div class=\"wp-block-media-text__content\">\n<h2 class=\"wp-block-heading\">Waschraum<\/h2>\n\n\n\n<p>Im vorderen Bereich befinden sich die Waschbecken, im hinteren Bereich die Toiletten und der Wickelbereich.<\/p>\n<\/div><\/div>\n\n\n\n<div style=\"height:20px\" aria-hidden=\"true\" class=\"wp-block-spacer\"><\/div>\n\n\n\n<div class=\"wp-block-media-text alignwide has-media-on-the-right is-stacked-on-mobile\" style=\"grid-template-columns:auto 25%\"><figure class=\"wp-block-media-text__media\"><img loading=\"lazy\" decoding=\"async\" width=\"768\" height=\"1024\" src=\"https:\/\/kita-holunderweg.bretzenheim.info\/wp-content\/uploads\/2022\/02\/Kueche-768x1024.jpg\" alt=\"Einblick in K\u00fcche mit K\u00fcchenw\u00e4gen, Schr\u00e4nken und Sp\u00fclmaschine\" class=\"wp-image-499 size-full\" srcset=\"https:\/\/kita-holunderweg.bretzenheim.info\/wp-content\/uploads\/2022\/02\/Kueche-768x1024.jpg 768w, https:\/\/kita-holunderweg.bretzenheim.info\/wp-content\/uploads\/2022\/02\/Kueche-225x300.jpg 225w, https:\/\/kita-holunderweg.bretzenheim.info\/wp-content\/uploads\/2022\/02\/Kueche-1152x1536.jpg 1152w, https:\/\/kita-holunderweg.bretzenheim.info\/wp-content\/uploads\/2022\/02\/Kueche-rotated.jpg 1512w\" sizes=\"auto, (max-width: 768px) 100vw, 768px\" \/><\/figure><div class=\"wp-block-media-text__content\">\n<h2 class=\"wp-block-heading\">K\u00fcche<\/h2>\n\n\n\n<p>In der K\u00fcche bereiten die Hauswirtschaftskr\u00e4fte das Essen zu. Zus\u00e4tzlich gibt es einen Hauswirtschaftsraum zum W\u00e4sche waschen, Lagerung der Reinigungsger\u00e4te und f\u00fcr den Hausmeister.<\/p>\n<\/div><\/div>\n\n\n\n<div style=\"height:20px\" aria-hidden=\"true\" class=\"wp-block-spacer\"><\/div>\n\n\n\n<div class=\"wp-block-media-text alignwide is-stacked-on-mobile\" style=\"grid-template-columns:30% auto\"><figure class=\"wp-block-media-text__media\"><img loading=\"lazy\" decoding=\"async\" width=\"1024\" height=\"768\" src=\"https:\/\/kita-holunderweg.bretzenheim.info\/wp-content\/uploads\/2022\/02\/Kita-Schaukel-1024x768.jpg\" alt=\"Schaukeln\" class=\"wp-image-497 size-full\" srcset=\"https:\/\/kita-holunderweg.bretzenheim.info\/wp-content\/uploads\/2022\/02\/Kita-Schaukel-1024x768.jpg 1024w, https:\/\/kita-holunderweg.bretzenheim.info\/wp-content\/uploads\/2022\/02\/Kita-Schaukel-300x225.jpg 300w, https:\/\/kita-holunderweg.bretzenheim.info\/wp-content\/uploads\/2022\/02\/Kita-Schaukel-768x576.jpg 768w, https:\/\/kita-holunderweg.bretzenheim.info\/wp-content\/uploads\/2022\/02\/Kita-Schaukel-1536x1152.jpg 1536w, https:\/\/kita-holunderweg.bretzenheim.info\/wp-content\/uploads\/2022\/02\/Kita-Schaukel-2048x1536.jpg 2048w\" sizes=\"auto, (max-width: 1024px) 100vw, 1024px\" \/><\/figure><div class=\"wp-block-media-text__content\">\n<h2 class=\"wp-block-heading\">Au\u00dfengel\u00e4nde<\/h2>\n\n\n\n<p>Wir haben ein sch\u00f6nes gro\u00dfes Au\u00dfengel\u00e4nde mit Schaukeln, Sandkasten, Kletterturm, Kletterger\u00fcst mit Rutsche und eine gro\u00dfe Wiese zum Spielen und austoben. Alle Gruppen gehen mindestens einmal am Tag mit den Kindern raus.<\/p>\n<\/div><\/div>\n","protected":false},"excerpt":{"rendered":"<p>Eingang und Flurbereich Die Kinder willkommen gehei\u00dfen. Hier befinden sich die Garderoben, wo sich die Kinder zu erst mit Hilfe und sp\u00e4ter eigenst\u00e4ndig umziehen k\u00f6nnen. Gruppenr\u00e4ume Die 3 Gruppenr\u00e4ume sind unterschiedlich eingerichtet. In jedem Raum befindet sich eine Bau-\/Spieleecke, eine Kuschelecke zum Ausruhen und zahlreiche Spielsachen und Angebote, um die Kreativit\u00e4t und die Weiterentwicklung der Kinder anzuregen. Die Sternchen haben einen zus\u00e4tzlichen Schlafraum f\u00fcr die ganz Kleinen, das Traumschl\u00f6sschen. Malraum Hier k\u00f6nnen die Kinder basteln, malen und ihrer Kreativit\u00e4t freien Raum lassen. ES gibt verschiedenste Materialien, die zur Verf\u00fcgung stehen: Buntstifte, Filzstifte, Wasserfarben, verschieden Papiersorten,\u2026 Turnhalle Bewegung ist so wichtig&#8230;. <\/p>\n","protected":false},"author":2,"featured_media":0,"parent":0,"menu_order":0,"comment_status":"closed","ping_status":"closed","template":"template-parts\/page-template-full-width.php","meta":{"footnotes":""},"class_list":["post-209","page","type-page","status-publish","hentry"],"_links":{"self":[{"href":"https:\/\/kita-holunderweg.bretzenheim.info\/index.php?rest_route=\/wp\/v2\/pages\/209","targetHints":{"allow":["GET"]}}],"collection":[{"href":"https:\/\/kita-holunderweg.bretzenheim.info\/index.php?rest_route=\/wp\/v2\/pages"}],"about":[{"href":"https:\/\/kita-holunderweg.bretzenheim.info\/index.php?rest_route=\/wp\/v2\/types\/page"}],"author":[{"embeddable":true,"href":"https:\/\/kita-holunderweg.bretzenheim.info\/index.php?rest_route=\/wp\/v2\/users\/2"}],"replies":[{"embeddable":true,"href":"https:\/\/kita-holunderweg.bretzenheim.info\/index.php?rest_route=%2Fwp%2Fv2%2Fcomments&post=209"}],"version-history":[{"count":47,"href":"https:\/\/kita-holunderweg.bretzenheim.info\/index.php?rest_route=\/wp\/v2\/pages\/209\/revisions"}],"predecessor-version":[{"id":820,"href":"https:\/\/kita-holunderweg.bretzenheim.info\/index.php?rest_route=\/wp\/v2\/pages\/209\/revisions\/820"}],"wp:attachment":[{"href":"https:\/\/kita-holunderweg.bretzenheim.info\/index.php?rest_route=%2Fwp%2Fv2%2Fmedia&parent=209"}],"curies":[{"name":"wp","href":"https:\/\/api.w.org\/{rel}","templated":true}]}}