{"id":2,"date":"2022-01-21T08:38:29","date_gmt":"2022-01-21T08:38:29","guid":{"rendered":"https:\/\/kita-holunderweg2.bretzenheim.info\/?page_id=2"},"modified":"2024-10-16T19:34:40","modified_gmt":"2024-10-16T19:34:40","slug":"sample-page","status":"publish","type":"page","link":"https:\/\/kita-holunderweg.bretzenheim.info\/?page_id=2","title":{"rendered":"\u00dcber uns"},"content":{"rendered":"\n<div class=\"wp-block-media-text alignwide is-stacked-on-mobile\" style=\"grid-template-columns:25% auto\"><figure class=\"wp-block-media-text__media\"><img loading=\"lazy\" decoding=\"async\" width=\"280\" height=\"272\" src=\"https:\/\/kita-holunderweg.bretzenheim.info\/wp-content\/uploads\/2022\/03\/Logo-gross.gif\" alt=\"Logo Kita Holunderweg - Gespenst, Drache, Stern\" class=\"wp-image-746 size-full\"\/><\/figure><div class=\"wp-block-media-text__content\">\n<p>Unsere st\u00e4dtische Kindertagest\u00e4tte Holunderweg gibt es seit 1986. Die KiTa liegt in einem von Einfamilienh\u00e4usern gepr\u00e4gten Wohngebiet im sch\u00f6nen Stadtteil Mainz-Bretzenheim.<\/p>\n\n\n\n<p>Wir sind eine kombinierte Ganztags- und Teilzeiteinrichtung, die f\u00fcr 2-6 J\u00e4hrige insgesamt 62 Pl\u00e4tze anbietet.<\/p>\n\n\n\n<p>Hier arbeiten engagierte Mitarbeiter*innen, um kleine Helden beim Gro\u00dfwerden zu unterst\u00fctzen.<\/p>\n\n\n\n<p>Die Erzieher*innen versuchen die Kinder durch eine ganzheitliche Erziehung in ihrer Selbstst\u00e4ndigkeit, ihrer Kreativit\u00e4t und ihrer Sozialkompetenz zu f\u00f6rdern. Partizipation der Kinder wird bei uns gro\u00df geschrieben.<\/p>\n\n\n\n<p>Ebenfalls ist uns der Austausch und die Zusammenarbeit mit anderen Institutionen und Einrichtungen wichtig, so wie eine enge und vertrauensvolle Zusammenarbeit und Kommunikation mit den Eltern.<\/p>\n<\/div><\/div>\n","protected":false},"excerpt":{"rendered":"<p>Unsere st\u00e4dtische Kindertagest\u00e4tte Holunderweg gibt es seit 1986. Die KiTa liegt in einem von Einfamilienh\u00e4usern gepr\u00e4gten Wohngebiet im sch\u00f6nen Stadtteil Mainz-Bretzenheim. Wir sind eine kombinierte Ganztags- und Teilzeiteinrichtung, die f\u00fcr 2-6 J\u00e4hrige insgesamt 62 Pl\u00e4tze anbietet. Hier arbeiten engagierte Mitarbeiter*innen, um kleine Helden beim Gro\u00dfwerden zu unterst\u00fctzen. Die Erzieher*innen versuchen die Kinder durch eine ganzheitliche Erziehung in ihrer Selbstst\u00e4ndigkeit, ihrer Kreativit\u00e4t und ihrer Sozialkompetenz zu f\u00f6rdern. Partizipation der Kinder wird bei uns gro\u00df geschrieben. Ebenfalls ist uns der Austausch und die Zusammenarbeit mit anderen Institutionen und Einrichtungen wichtig, so wie eine enge und vertrauensvolle Zusammenarbeit und Kommunikation mit den Eltern.<\/p>\n","protected":false},"author":1,"featured_media":0,"parent":0,"menu_order":0,"comment_status":"closed","ping_status":"closed","template":"template-parts\/page-template-full-width.php","meta":{"footnotes":""},"class_list":["post-2","page","type-page","status-publish","hentry"],"_links":{"self":[{"href":"https:\/\/kita-holunderweg.bretzenheim.info\/index.php?rest_route=\/wp\/v2\/pages\/2","targetHints":{"allow":["GET"]}}],"collection":[{"href":"https:\/\/kita-holunderweg.bretzenheim.info\/index.php?rest_route=\/wp\/v2\/pages"}],"about":[{"href":"https:\/\/kita-holunderweg.bretzenheim.info\/index.php?rest_route=\/wp\/v2\/types\/page"}],"author":[{"embeddable":true,"href":"https:\/\/kita-holunderweg.bretzenheim.info\/index.php?rest_route=\/wp\/v2\/users\/1"}],"replies":[{"embeddable":true,"href":"https:\/\/kita-holunderweg.bretzenheim.info\/index.php?rest_route=%2Fwp%2Fv2%2Fcomments&post=2"}],"version-history":[{"count":14,"href":"https:\/\/kita-holunderweg.bretzenheim.info\/index.php?rest_route=\/wp\/v2\/pages\/2\/revisions"}],"predecessor-version":[{"id":1129,"href":"https:\/\/kita-holunderweg.bretzenheim.info\/index.php?rest_route=\/wp\/v2\/pages\/2\/revisions\/1129"}],"wp:attachment":[{"href":"https:\/\/kita-holunderweg.bretzenheim.info\/index.php?rest_route=%2Fwp%2Fv2%2Fmedia&parent=2"}],"curies":[{"name":"wp","href":"https:\/\/api.w.org\/{rel}","templated":true}]}}