{"id":197,"date":"2022-01-31T10:36:37","date_gmt":"2022-01-31T10:36:37","guid":{"rendered":"https:\/\/kita-holunderweg2.bretzenheim.info\/?page_id=197"},"modified":"2025-01-08T22:44:41","modified_gmt":"2025-01-08T22:44:41","slug":"team","status":"publish","type":"page","link":"https:\/\/kita-holunderweg.bretzenheim.info\/?page_id=197","title":{"rendered":"Das Team"},"content":{"rendered":"\n<figure class=\"wp-block-image size-large\"><img loading=\"lazy\" decoding=\"async\" width=\"1024\" height=\"512\" src=\"https:\/\/kita-holunderweg.bretzenheim.info\/wp-content\/uploads\/2023\/01\/team-Erzieher-1024x512.png\" alt=\"\" class=\"wp-image-967\" srcset=\"https:\/\/kita-holunderweg.bretzenheim.info\/wp-content\/uploads\/2023\/01\/team-Erzieher-1024x512.png 1024w, https:\/\/kita-holunderweg.bretzenheim.info\/wp-content\/uploads\/2023\/01\/team-Erzieher-300x150.png 300w, https:\/\/kita-holunderweg.bretzenheim.info\/wp-content\/uploads\/2023\/01\/team-Erzieher-768x384.png 768w, https:\/\/kita-holunderweg.bretzenheim.info\/wp-content\/uploads\/2023\/01\/team-Erzieher.png 1280w\" sizes=\"auto, (max-width: 1024px) 100vw, 1024px\" \/><\/figure>\n\n\n\n<h2 class=\"wp-block-heading\">KiTa-Leitung: <\/h2>\n\n\n\n<pre class=\"wp-block-verse\">Seit August 2024 hat Ricarda Scheuermann die Leitung der KiTa Holunderweg \u00fcbernommen. Gemeinsam mit Mandy Arnold bildet sie das Leitungsteam. Frau Scheuermann hat seit 2012 Berufserfahrung im KiTa-Bereich und ist seit 2019 bei der Stadt Mainz angestellt.  <br><br><\/pre>\n\n\n\n<h2 class=\"wp-block-heading\">Dabei unterst\u00fctzt sie ein engagiertes Team<\/h2>\n\n\n\n<div class=\"wp-block-media-text is-stacked-on-mobile\"><figure class=\"wp-block-media-text__media\"><img loading=\"lazy\" decoding=\"async\" width=\"724\" height=\"1024\" src=\"https:\/\/kita-holunderweg.bretzenheim.info\/wp-content\/uploads\/2025\/01\/Fledermaus1-724x1024.jpg\" alt=\"\" class=\"wp-image-1181 size-full\" srcset=\"https:\/\/kita-holunderweg.bretzenheim.info\/wp-content\/uploads\/2025\/01\/Fledermaus1-724x1024.jpg 724w, https:\/\/kita-holunderweg.bretzenheim.info\/wp-content\/uploads\/2025\/01\/Fledermaus1-212x300.jpg 212w, https:\/\/kita-holunderweg.bretzenheim.info\/wp-content\/uploads\/2025\/01\/Fledermaus1-768x1086.jpg 768w, https:\/\/kita-holunderweg.bretzenheim.info\/wp-content\/uploads\/2025\/01\/Fledermaus1-1086x1536.jpg 1086w, https:\/\/kita-holunderweg.bretzenheim.info\/wp-content\/uploads\/2025\/01\/Fledermaus1-1448x2048.jpg 1448w, https:\/\/kita-holunderweg.bretzenheim.info\/wp-content\/uploads\/2025\/01\/Fledermaus1-scaled.jpg 1810w\" sizes=\"auto, (max-width: 724px) 100vw, 724px\" \/><\/figure><div class=\"wp-block-media-text__content\">\n<p>In der Fledermausgruppe: 2 p\u00e4dagogische Vollzeitfachkr\u00e4fte und eine Kita-Helferin in Vollzeit<\/p>\n<\/div><\/div>\n\n\n\n<div class=\"wp-block-media-text is-stacked-on-mobile\"><figure class=\"wp-block-media-text__media\"><img loading=\"lazy\" decoding=\"async\" width=\"1024\" height=\"609\" src=\"https:\/\/kita-holunderweg.bretzenheim.info\/wp-content\/uploads\/2024\/10\/Symbol-Drachenguppe-e1728561358370-1024x609.jpg\" alt=\"\" class=\"wp-image-1119 size-full\" srcset=\"https:\/\/kita-holunderweg.bretzenheim.info\/wp-content\/uploads\/2024\/10\/Symbol-Drachenguppe-e1728561358370-1024x609.jpg 1024w, https:\/\/kita-holunderweg.bretzenheim.info\/wp-content\/uploads\/2024\/10\/Symbol-Drachenguppe-e1728561358370-300x178.jpg 300w, https:\/\/kita-holunderweg.bretzenheim.info\/wp-content\/uploads\/2024\/10\/Symbol-Drachenguppe-e1728561358370-768x457.jpg 768w, https:\/\/kita-holunderweg.bretzenheim.info\/wp-content\/uploads\/2024\/10\/Symbol-Drachenguppe-e1728561358370.jpg 1324w\" sizes=\"auto, (max-width: 1024px) 100vw, 1024px\" \/><\/figure><div class=\"wp-block-media-text__content\">\n<p>In der Drachengruppe: 2 p\u00e4dagogische Vollzeitfachkr\u00e4fte und ein Auszubildender in Teilzeit (3 Tage die Woche)<\/p>\n\n\n\n<p>ab Januar: eine Sozialassistenz in Ausbildung (2 Tage die Woche)<\/p>\n<\/div><\/div>\n\n\n\n<div class=\"wp-block-media-text is-stacked-on-mobile\"><figure class=\"wp-block-media-text__media\"><img loading=\"lazy\" decoding=\"async\" width=\"1024\" height=\"724\" src=\"https:\/\/kita-holunderweg.bretzenheim.info\/wp-content\/uploads\/2025\/01\/2Gespenst-e1736372657319-1024x724.jpg\" alt=\"\" class=\"wp-image-1180 size-full\" srcset=\"https:\/\/kita-holunderweg.bretzenheim.info\/wp-content\/uploads\/2025\/01\/2Gespenst-e1736372657319-1024x724.jpg 1024w, https:\/\/kita-holunderweg.bretzenheim.info\/wp-content\/uploads\/2025\/01\/2Gespenst-e1736372657319-300x212.jpg 300w, https:\/\/kita-holunderweg.bretzenheim.info\/wp-content\/uploads\/2025\/01\/2Gespenst-e1736372657319-768x543.jpg 768w, https:\/\/kita-holunderweg.bretzenheim.info\/wp-content\/uploads\/2025\/01\/2Gespenst-e1736372657319-1536x1086.jpg 1536w, https:\/\/kita-holunderweg.bretzenheim.info\/wp-content\/uploads\/2025\/01\/2Gespenst-e1736372657319-2048x1448.jpg 2048w\" sizes=\"auto, (max-width: 1024px) 100vw, 1024px\" \/><\/figure><div class=\"wp-block-media-text__content\">\n<p>In der Gespenstergruppe: 1 p\u00e4dagogische Vollzeitfachkraft und zwei p\u00e4dagogische Teilzeitkraft<\/p>\n<\/div><\/div>\n\n\n\n<p><\/p>\n\n\n\n<p><\/p>\n\n\n\n<p class=\"has-text-align-left\">Jeder und jede Mitarbeiter*in bringt sich mit seinen individuellen Eigenschaften, Interessen, Kompetenzen und Erfahrungen ein und bereichert damit die gemeinsame p\u00e4dagogische Arbeit.<\/p>\n\n\n\n<p>Des Weiteren unterst\u00fctzen uns 3 Hauswirtschaftskr\u00e4fte und eine Hauswirtschaftsspringkraft.<\/p>\n\n\n\n<p>Wir tauschen uns im w\u00f6chentlichen Abst\u00e4nden als p\u00e4dagogische Fachkr\u00e4fte im Teammeeting aus, um die gemeinsame p\u00e4dagogische Arbeit weiterzuentwickeln. Ein offener und wertsch\u00e4tzender Umgang untereinander ist die Grundlage unserer erfolgreichen Zusammenarbeit.<\/p>\n\n\n\n<p>Die KiTa ist zudem Ausbildungsstelle f\u00fcr Jahrespraktikanten, Teilzeitauszubildende und FSJ`ler. <\/p>\n","protected":false},"excerpt":{"rendered":"<p>KiTa-Leitung: Seit August 2024 hat Ricarda Scheuermann die Leitung der KiTa Holunderweg \u00fcbernommen. Gemeinsam mit Mandy Arnold bildet sie das Leitungsteam. Frau Scheuermann hat seit 2012 Berufserfahrung im KiTa-Bereich und ist seit 2019 bei der Stadt Mainz angestellt. Dabei unterst\u00fctzt sie ein engagiertes Team In der Fledermausgruppe: 2 p\u00e4dagogische Vollzeitfachkr\u00e4fte und eine Kita-Helferin in Vollzeit In der Drachengruppe: 2 p\u00e4dagogische Vollzeitfachkr\u00e4fte und ein Auszubildender in Teilzeit (3 Tage die Woche) ab Januar: eine Sozialassistenz in Ausbildung (2 Tage die Woche) In der Gespenstergruppe: 1 p\u00e4dagogische Vollzeitfachkraft und zwei p\u00e4dagogische Teilzeitkraft Jeder und jede Mitarbeiter*in bringt sich mit seinen individuellen Eigenschaften,&#8230; <\/p>\n","protected":false},"author":2,"featured_media":0,"parent":0,"menu_order":0,"comment_status":"closed","ping_status":"closed","template":"template-parts\/page-template-full-width.php","meta":{"footnotes":""},"class_list":["post-197","page","type-page","status-publish","hentry"],"_links":{"self":[{"href":"https:\/\/kita-holunderweg.bretzenheim.info\/index.php?rest_route=\/wp\/v2\/pages\/197","targetHints":{"allow":["GET"]}}],"collection":[{"href":"https:\/\/kita-holunderweg.bretzenheim.info\/index.php?rest_route=\/wp\/v2\/pages"}],"about":[{"href":"https:\/\/kita-holunderweg.bretzenheim.info\/index.php?rest_route=\/wp\/v2\/types\/page"}],"author":[{"embeddable":true,"href":"https:\/\/kita-holunderweg.bretzenheim.info\/index.php?rest_route=\/wp\/v2\/users\/2"}],"replies":[{"embeddable":true,"href":"https:\/\/kita-holunderweg.bretzenheim.info\/index.php?rest_route=%2Fwp%2Fv2%2Fcomments&post=197"}],"version-history":[{"count":31,"href":"https:\/\/kita-holunderweg.bretzenheim.info\/index.php?rest_route=\/wp\/v2\/pages\/197\/revisions"}],"predecessor-version":[{"id":1187,"href":"https:\/\/kita-holunderweg.bretzenheim.info\/index.php?rest_route=\/wp\/v2\/pages\/197\/revisions\/1187"}],"wp:attachment":[{"href":"https:\/\/kita-holunderweg.bretzenheim.info\/index.php?rest_route=%2Fwp%2Fv2%2Fmedia&parent=197"}],"curies":[{"name":"wp","href":"https:\/\/api.w.org\/{rel}","templated":true}]}}