{"id":161,"date":"2022-01-30T13:32:49","date_gmt":"2022-01-30T13:32:49","guid":{"rendered":"https:\/\/kita-holunderweg2.bretzenheim.info\/?page_id=161"},"modified":"2025-01-08T22:53:40","modified_gmt":"2025-01-08T22:53:40","slug":"gruppen","status":"publish","type":"page","link":"https:\/\/kita-holunderweg.bretzenheim.info\/?page_id=161","title":{"rendered":"Die Gruppen"},"content":{"rendered":"\n<p>Die Kinder sind auf <strong>3 Gruppen<\/strong> aufgeteilt, die <strong>Flederm\u00e4use, <\/strong>die<strong> Drachen <\/strong>und die <strong>Gespenster<\/strong>. In den beiden Gruppen Drachen und Gespenster k\u00f6nnen bis zu 23 Kinder im Alter von 3-6 Jahren betreut werden. Die Flederm\u00e4use haben 15 altersgemischte Pl\u00e4tze von 2-4 Jahren, davon sind 11 alterserweiterte Pl\u00e4tze f\u00fcr 2-j\u00e4hrige Kinder.<\/p>\n\n\n\n<div class=\"wp-block-media-text is-stacked-on-mobile\"><figure class=\"wp-block-media-text__media\"><img loading=\"lazy\" decoding=\"async\" width=\"724\" height=\"1024\" src=\"https:\/\/kita-holunderweg.bretzenheim.info\/wp-content\/uploads\/2025\/01\/Fledermaus1-724x1024.jpg\" alt=\"\" class=\"wp-image-1181 size-full\" srcset=\"https:\/\/kita-holunderweg.bretzenheim.info\/wp-content\/uploads\/2025\/01\/Fledermaus1-724x1024.jpg 724w, https:\/\/kita-holunderweg.bretzenheim.info\/wp-content\/uploads\/2025\/01\/Fledermaus1-212x300.jpg 212w, https:\/\/kita-holunderweg.bretzenheim.info\/wp-content\/uploads\/2025\/01\/Fledermaus1-768x1086.jpg 768w, https:\/\/kita-holunderweg.bretzenheim.info\/wp-content\/uploads\/2025\/01\/Fledermaus1-1086x1536.jpg 1086w, https:\/\/kita-holunderweg.bretzenheim.info\/wp-content\/uploads\/2025\/01\/Fledermaus1-1448x2048.jpg 1448w, https:\/\/kita-holunderweg.bretzenheim.info\/wp-content\/uploads\/2025\/01\/Fledermaus1-scaled.jpg 1810w\" sizes=\"auto, (max-width: 724px) 100vw, 724px\" \/><\/figure><div class=\"wp-block-media-text__content\">\n<h2 class=\"wp-block-heading\">Flederm\u00e4use<\/h2>\n\n\n\n<p>In der Fledermausgruppe k\u00f6nnen bis zu 15 Kinder im Alter von 2-4 Jahren betreut werden.<\/p>\n\n\n\n<p>Es arbeiten 2 p\u00e4dagogische Vollzeitkr\u00e4fte und eine KiTa-Helferin in Vollzeit in der Gruppe.<\/p>\n\n\n\n<p>Hier f\u00fchlen sich die Kleinsten zuhause. Es gibt einen Bau- und Spielteppich, eine Puppenecke, Tische zum malen und basteln und das Traumschloss. In diesem extra Raum k\u00f6nnen unsere Kleinsten es sich gem\u00fctlich machen, kuscheln, toben und sp\u00e4ter ihren Mittagsschlaf halten.<\/p>\n\n\n\n<p><em>&#8222;Das Wohl des Kindes steht im Mittelpunkt. Wir sehen jedes Kind mit all seinen St\u00e4rken und Schw\u00e4chen als einzigartig und liebenswert an und versuchen es, in Zusammenarbeit mit den Eltern, in seiner Entwicklung zu begleiten und zu unterst\u00fctzen.&#8220;<\/em> Erzieherinnen der Fledermausgruppe<\/p>\n<\/div><\/div>\n\n\n\n<h2 class=\"wp-block-heading\"><\/h2>\n\n\n\n<div class=\"wp-block-media-text alignwide has-media-on-the-right is-stacked-on-mobile\" style=\"grid-template-columns:auto 21%\"><div class=\"wp-block-media-text__content\">\n<h2 class=\"wp-block-heading\">Drachen<\/h2>\n\n\n\n<p>In der Drachengruppe k\u00f6nnen bis zu 23 Kinder im Alter von 3-6 Jahren betreut werden.<\/p>\n\n\n\n<p>Hier arbeiten 2 p\u00e4dagogische Vollzeitkr\u00e4fte und ein Teilzeitauszubildender. Ab Januar 2025 unterst\u00fctzt ein Sozialassistenz in Ausbildung das Team.<\/p>\n\n\n\n<p>In der Drachengruppe k\u00f6nnen die Kinder es sich in der Kuschel- und Leseecke mit einem Buch gem\u00fctlich machen, auf dem Bauteppich mit Playmobil, Lego, Bausteinen, Autos und vielem mehr spielen. Es gibt ein gro\u00dfes Angebot an Spielen und Puzzeln. Gern basteln die Drachen auch. Der Gruppenraum bietet unseren Kindern viele unterschiedliche Anregungen und M\u00f6glichkeiten, mit anderen Kindern oder auch alleine zu spielen.<\/p>\n<\/div><figure class=\"wp-block-media-text__media\"><img loading=\"lazy\" decoding=\"async\" width=\"1024\" height=\"609\" src=\"https:\/\/kita-holunderweg.bretzenheim.info\/wp-content\/uploads\/2024\/10\/Symbol-Drachenguppe-e1728561358370-1024x609.jpg\" alt=\"\" class=\"wp-image-1119 size-full\" srcset=\"https:\/\/kita-holunderweg.bretzenheim.info\/wp-content\/uploads\/2024\/10\/Symbol-Drachenguppe-e1728561358370-1024x609.jpg 1024w, https:\/\/kita-holunderweg.bretzenheim.info\/wp-content\/uploads\/2024\/10\/Symbol-Drachenguppe-e1728561358370-300x178.jpg 300w, https:\/\/kita-holunderweg.bretzenheim.info\/wp-content\/uploads\/2024\/10\/Symbol-Drachenguppe-e1728561358370-768x457.jpg 768w, https:\/\/kita-holunderweg.bretzenheim.info\/wp-content\/uploads\/2024\/10\/Symbol-Drachenguppe-e1728561358370.jpg 1324w\" sizes=\"auto, (max-width: 1024px) 100vw, 1024px\" \/><\/figure><\/div>\n\n\n\n<div style=\"height:20px\" aria-hidden=\"true\" class=\"wp-block-spacer\"><\/div>\n\n\n\n<div class=\"wp-block-media-text alignwide is-stacked-on-mobile\" style=\"grid-template-columns:21% auto\"><figure class=\"wp-block-media-text__media\"><img loading=\"lazy\" decoding=\"async\" width=\"1024\" height=\"724\" src=\"https:\/\/kita-holunderweg.bretzenheim.info\/wp-content\/uploads\/2025\/01\/2Gespenst-e1736372657319-1024x724.jpg\" alt=\"\" class=\"wp-image-1180 size-full\" srcset=\"https:\/\/kita-holunderweg.bretzenheim.info\/wp-content\/uploads\/2025\/01\/2Gespenst-e1736372657319-1024x724.jpg 1024w, https:\/\/kita-holunderweg.bretzenheim.info\/wp-content\/uploads\/2025\/01\/2Gespenst-e1736372657319-300x212.jpg 300w, https:\/\/kita-holunderweg.bretzenheim.info\/wp-content\/uploads\/2025\/01\/2Gespenst-e1736372657319-768x543.jpg 768w, https:\/\/kita-holunderweg.bretzenheim.info\/wp-content\/uploads\/2025\/01\/2Gespenst-e1736372657319-1536x1086.jpg 1536w, https:\/\/kita-holunderweg.bretzenheim.info\/wp-content\/uploads\/2025\/01\/2Gespenst-e1736372657319-2048x1448.jpg 2048w\" sizes=\"auto, (max-width: 1024px) 100vw, 1024px\" \/><\/figure><div class=\"wp-block-media-text__content\">\n<h2 class=\"wp-block-heading\">Gespenster<\/h2>\n\n\n\n<p>Bei den Gespenstern k\u00f6nnen ebenfalls bis zu 23 Kinder von 3-6 Jahren in der Gruppe betreut werden.<\/p>\n\n\n\n<p>Hier arbeiten eine p\u00e4dagogische Vollzeitkraft und eine p\u00e4dagogische Teilzeitkraft. Das Team wird ab Dezember 2024 von einer weiteren p\u00e4dagogischen Teilzeitkraft unterst\u00fctzt.<\/p>\n\n\n\n<p>Die Kinder k\u00f6nnen mit dem Puppenhaus spielen, der Playmobilschule, auf dem Bauteppich spielen oder auf der Couch ein Buch lesen. Auch hier bietet der Gruppenraum viele M\u00f6glichkeiten mit anderen oder alleine zu spielen. Die Einrichtung der R\u00e4ume kann auch immer wieder mal in Absprache mit den Kindern deren Bed\u00fcrfnissen angepasst werden.<\/p>\n<\/div><\/div>\n","protected":false},"excerpt":{"rendered":"<p>Die Kinder sind auf 3 Gruppen aufgeteilt, die Flederm\u00e4use, die Drachen und die Gespenster. In den beiden Gruppen Drachen und Gespenster k\u00f6nnen bis zu 23 Kinder im Alter von 3-6 Jahren betreut werden. Die Flederm\u00e4use haben 15 altersgemischte Pl\u00e4tze von 2-4 Jahren, davon sind 11 alterserweiterte Pl\u00e4tze f\u00fcr 2-j\u00e4hrige Kinder. Flederm\u00e4use In der Fledermausgruppe k\u00f6nnen bis zu 15 Kinder im Alter von 2-4 Jahren betreut werden. Es arbeiten 2 p\u00e4dagogische Vollzeitkr\u00e4fte und eine KiTa-Helferin in Vollzeit in der Gruppe. Hier f\u00fchlen sich die Kleinsten zuhause. Es gibt einen Bau- und Spielteppich, eine Puppenecke, Tische zum malen und basteln und das&#8230; <\/p>\n","protected":false},"author":2,"featured_media":0,"parent":0,"menu_order":0,"comment_status":"closed","ping_status":"closed","template":"template-parts\/page-template-full-width.php","meta":{"footnotes":""},"class_list":["post-161","page","type-page","status-publish","hentry"],"_links":{"self":[{"href":"https:\/\/kita-holunderweg.bretzenheim.info\/index.php?rest_route=\/wp\/v2\/pages\/161","targetHints":{"allow":["GET"]}}],"collection":[{"href":"https:\/\/kita-holunderweg.bretzenheim.info\/index.php?rest_route=\/wp\/v2\/pages"}],"about":[{"href":"https:\/\/kita-holunderweg.bretzenheim.info\/index.php?rest_route=\/wp\/v2\/types\/page"}],"author":[{"embeddable":true,"href":"https:\/\/kita-holunderweg.bretzenheim.info\/index.php?rest_route=\/wp\/v2\/users\/2"}],"replies":[{"embeddable":true,"href":"https:\/\/kita-holunderweg.bretzenheim.info\/index.php?rest_route=%2Fwp%2Fv2%2Fcomments&post=161"}],"version-history":[{"count":32,"href":"https:\/\/kita-holunderweg.bretzenheim.info\/index.php?rest_route=\/wp\/v2\/pages\/161\/revisions"}],"predecessor-version":[{"id":1190,"href":"https:\/\/kita-holunderweg.bretzenheim.info\/index.php?rest_route=\/wp\/v2\/pages\/161\/revisions\/1190"}],"wp:attachment":[{"href":"https:\/\/kita-holunderweg.bretzenheim.info\/index.php?rest_route=%2Fwp%2Fv2%2Fmedia&parent=161"}],"curies":[{"name":"wp","href":"https:\/\/api.w.org\/{rel}","templated":true}]}}